{"id":2165,"date":"2023-01-20T10:50:34","date_gmt":"2023-01-20T09:50:34","guid":{"rendered":"https:\/\/petrhervy.com\/?page_id=2165"},"modified":"2024-04-11T11:27:58","modified_gmt":"2024-04-11T09:27:58","slug":"o-mne","status":"publish","type":"page","link":"https:\/\/petrhervy.com\/en\/o-mne\/","title":{"rendered":"About Me"},"content":{"rendered":"\t\t<div data-elementor-type=\"wp-page\" data-elementor-id=\"2165\" class=\"elementor elementor-2165\" data-elementor-post-type=\"page\">\n\t\t\t\t<div class=\"elementor-element elementor-element-aad1d8e e-flex e-con-boxed e-con e-parent\" data-id=\"aad1d8e\" data-element_type=\"container\" data-e-type=\"container\">\n\t\t\t\t\t<div class=\"e-con-inner\">\n\t\t\t\t<div class=\"elementor-element elementor-element-a5c34d5 elementor-widget elementor-widget-heading\" data-id=\"a5c34d5\" data-element_type=\"widget\" data-e-type=\"widget\" data-widget_type=\"heading.default\">\n\t\t\t\t<div class=\"elementor-widget-container\">\n\t\t\t\t\t<h1 class=\"elementor-heading-title elementor-size-default\">O mn\u011b<\/h1>\t\t\t\t<\/div>\n\t\t\t\t<\/div>\n\t\t<div class=\"elementor-element elementor-element-5971a1a e-flex e-con-boxed e-con e-child\" data-id=\"5971a1a\" data-element_type=\"container\" data-e-type=\"container\">\n\t\t\t\t\t<div class=\"e-con-inner\">\n\t\t<div class=\"elementor-element elementor-element-ef3e7bb e-con-full e-flex e-con e-child\" data-id=\"ef3e7bb\" data-element_type=\"container\" data-e-type=\"container\">\n\t\t\t\t<div class=\"elementor-element elementor-element-3b60014 elementor-widget elementor-widget-heading\" data-id=\"3b60014\" data-element_type=\"widget\" data-e-type=\"widget\" data-widget_type=\"heading.default\">\n\t\t\t\t<div class=\"elementor-widget-container\">\n\t\t\t\t\t<h2 class=\"elementor-heading-title elementor-size-default\">Kdo \u017ee to tedy jsem?<\/h2>\t\t\t\t<\/div>\n\t\t\t\t<\/div>\n\t\t\t\t<div class=\"elementor-element elementor-element-ee23cb1 e-n-tabs-mobile elementor-widget elementor-widget-n-tabs\" data-id=\"ee23cb1\" data-element_type=\"widget\" data-e-type=\"widget\" data-settings=\"{&quot;tabs_justify_horizontal&quot;:&quot;center&quot;,&quot;horizontal_scroll&quot;:&quot;disable&quot;}\" data-widget_type=\"nested-tabs.default\">\n\t\t\t\t<div class=\"elementor-widget-container\">\n\t\t\t\t\t\t\t<div class=\"e-n-tabs\" data-widget-number=\"249707697\" aria-label=\"Tabs. Open items with Enter or Space, close with Escape and navigate using the Arrow keys.\">\n\t\t\t<div class=\"e-n-tabs-heading\" role=\"tablist\">\n\t\t\t\t\t<button id=\"e-n-tab-title-2497076971\" data-tab-title-id=\"e-n-tab-title-2497076971\" class=\"e-n-tab-title\" aria-selected=\"true\" data-tab-index=\"1\" role=\"tab\" tabindex=\"0\" aria-controls=\"e-n-tab-content-2497076971\" style=\"--n-tabs-title-order: 1;\">\n\t\t\t\t\t\t<span class=\"e-n-tab-title-text\">\n\t\t\t\tCestovatel\t\t\t<\/span>\n\t\t<\/button>\n\t\t\t\t<button id=\"e-n-tab-title-2497076972\" data-tab-title-id=\"e-n-tab-title-2497076972\" class=\"e-n-tab-title\" aria-selected=\"false\" data-tab-index=\"2\" role=\"tab\" tabindex=\"-1\" aria-controls=\"e-n-tab-content-2497076972\" style=\"--n-tabs-title-order: 2;\">\n\t\t\t\t\t\t<span class=\"e-n-tab-title-text\">\n\t\t\t\tMan\u017eel\t\t\t<\/span>\n\t\t<\/button>\n\t\t\t\t<button id=\"e-n-tab-title-2497076973\" data-tab-title-id=\"e-n-tab-title-2497076973\" class=\"e-n-tab-title\" aria-selected=\"false\" data-tab-index=\"3\" role=\"tab\" tabindex=\"-1\" aria-controls=\"e-n-tab-content-2497076973\" style=\"--n-tabs-title-order: 3;\">\n\t\t\t\t\t\t<span class=\"e-n-tab-title-text\">\n\t\t\t\tKameraman\t\t\t<\/span>\n\t\t<\/button>\n\t\t\t\t\t<\/div>\n\t\t\t<div class=\"e-n-tabs-content\">\n\t\t\t\t<div id=\"e-n-tab-content-2497076971\" role=\"tabpanel\" aria-labelledby=\"e-n-tab-title-2497076971\" data-tab-index=\"1\" style=\"--n-tabs-title-order: 1;\" class=\"e-active elementor-element elementor-element-3ea6d9a e-con-full e-flex e-con e-child\" data-id=\"3ea6d9a\" data-element_type=\"container\" data-e-type=\"container\">\n\t\t\t\t<div class=\"elementor-element elementor-element-89be8fe elementor-widget elementor-widget-text-editor\" data-id=\"89be8fe\" data-element_type=\"widget\" data-e-type=\"widget\" data-widget_type=\"text-editor.default\">\n\t\t\t\t<div class=\"elementor-widget-container\">\n\t\t\t\t\t\t\t\t\t<p><span style=\"font-weight: 400;\">V\u011b\u0159\u00edm, \u017ee cestov\u00e1n\u00ed \u017eivotu opravdu d\u00e1v\u00e1 smysl. Pozn\u00e1vat nov\u00e9 kultury, lidi, m\u00edsta, my\u0161lenky, to v\u0161e je pro m\u011b vnit\u0159n\u011b d\u016fle\u017eit\u00e9.<\/span><\/p><p><span style=\"font-weight: 400;\">A napl\u0148uje m\u011b to.<\/span><\/p><p><span style=\"font-weight: 400;\">Ostatn\u011b p\u0159es cestov\u00e1n\u00ed jsem se k to\u010den\u00ed film\u016f dostal. D\u00edky film\u016fm z cest, kter\u00e9 jsem v\u017edy* po p\u0159\u00edjezdu vytvo\u0159il, jsem zjistil, <span class=\"zvyrazneni\">\u017ee se v tom skr\u00fdv\u00e1 m\u00e1 v\u00e1\u0161e\u0148<\/span>.<\/span><\/p><p><span style=\"font-weight: 400;\">Cht\u011bl jsem si m\u00edsta a chv\u00edle pamatovat i jinak, ne\u017e jen z nepohybliv\u00fdch fotek a tak vn\u00edm\u00e1m i svatebn\u00ed film.<\/span><\/p>\t\t\t\t\t\t\t\t<\/div>\n\t\t\t\t<\/div>\n\t\t\t\t<\/div>\n\t\t<div id=\"e-n-tab-content-2497076972\" role=\"tabpanel\" aria-labelledby=\"e-n-tab-title-2497076972\" data-tab-index=\"2\" style=\"--n-tabs-title-order: 2;\" class=\" elementor-element elementor-element-8aa340b e-con-full e-flex e-con e-child\" data-id=\"8aa340b\" data-element_type=\"container\" data-e-type=\"container\">\n\t\t\t\t<div class=\"elementor-element elementor-element-12f3f8f elementor-widget elementor-widget-text-editor\" data-id=\"12f3f8f\" data-element_type=\"widget\" data-e-type=\"widget\" data-widget_type=\"text-editor.default\">\n\t\t\t\t<div class=\"elementor-widget-container\">\n\t\t\t\t\t\t\t\t\t<p><span style=\"font-weight: 400;\">M\u00fazou se mi stala \u00fa\u017easn\u00e1 a neuv\u011b\u0159iteln\u00e1 \u017eena Martinka. Je pro m\u011b inspirac\u00ed i podporou. Tak\u00e9 je spolumajitelkou agentury <span class=\"zvyrazneni\">Wedding Factory<\/span>, tak\u017ee svatby m\u00e1me, jak se \u0159\u00edk\u00e1, \u201ev rodin\u011b\u201c.<\/span><\/p><p><span style=\"font-weight: 400;\">A d\u00edky vlastn\u00ed svatb\u011b v\u00edm, co se ve V\u00e1s odehr\u00e1v\u00e1, na co v\u0161echno mysl\u00edte, jak\u00e9 pocity pro\u017e\u00edv\u00e1te. A tak\u00e9 v\u00edm, \u017ee svatebn\u00ed den opravdu rychle <\/span><b><i>ut\u00edk\u00e1<\/i><\/b><span style=\"font-weight: 400;\">.\u00a0<\/span><\/p><p><span style=\"font-weight: 400;\">Ale nebojte se. J\u00e1 tam budu od toho, abych v\u0161echny ty prchav\u00e9 momenty zachytil. <span class=\"zvyrazneni\">V\u011b\u0159\u00edm, \u017ee o nich to nakonec je.<\/span> O babi\u010dce, kter\u00e1 pl\u00e1\u010de, o sv\u011bdkovi, co pohotov\u011b p\u0159inese ko\u0159alku, nebo o tis\u00edc\u00edch dal\u0161\u00edch nepopsateln\u00fdch z\u00e1\u017eitc\u00edch.<\/span><\/p><p><span style=\"font-weight: 400;\"><span class=\"zvyrazneni\">To\u010d\u00edm tak, jak bych cht\u011bl m\u00edt zapamatovanou vlastn\u00ed svatbu.<\/span><\/span><\/p>\t\t\t\t\t\t\t\t<\/div>\n\t\t\t\t<\/div>\n\t\t\t\t<\/div>\n\t\t<div id=\"e-n-tab-content-2497076973\" role=\"tabpanel\" aria-labelledby=\"e-n-tab-title-2497076973\" data-tab-index=\"3\" style=\"--n-tabs-title-order: 3;\" class=\" elementor-element elementor-element-fea0029 e-con-full e-flex e-con e-child\" data-id=\"fea0029\" data-element_type=\"container\" data-e-type=\"container\">\n\t\t\t\t<div class=\"elementor-element elementor-element-a25b48b elementor-widget elementor-widget-text-editor\" data-id=\"a25b48b\" data-element_type=\"widget\" data-e-type=\"widget\" data-widget_type=\"text-editor.default\">\n\t\t\t\t<div class=\"elementor-widget-container\">\n\t\t\t\t\t\t\t\t\t<p><span style=\"font-weight: 400;\">\u2026a jsem tud\u00ed\u017e kameraman. \u010clov\u011bk, co spolu s fotografem, je s v\u00e1mi ve svatebn\u00ed den, troufnu si \u0159\u00edci, nejd\u00e9le. <span class=\"zvyrazneni\">Zachycuji ka\u017ed\u00fd d\u016fle\u017eit\u00fd moment<\/span> abyste si ho mohli i za \u010dty\u0159icet let p\u0159ipomenout a uk\u00e1zat t\u0159eba vnou\u010dat\u016fm.<\/span><\/p><p><span style=\"font-weight: 400;\">J\u00e1 bych dal cokoli na sv\u011bt\u011b abych vid\u011bl svou babi\u010dku a d\u011bdu u olt\u00e1\u0159e a jak prob\u00edhal jejich velk\u00fd den.\u00a0<\/span><\/p><p><span style=\"font-weight: 400;\">Svatbu vn\u00edm\u00e1m jako oslavu l\u00e1sky V\u00e1s dvou. Zaj\u00edm\u00e1m se o lidi v\u00edce ne\u017e o samotn\u00e9 m\u00edsto \u010di v\u011bci, proto kladu d\u016fraz hlavn\u011b na emoce, pl\u00e1\u010d a sm\u00edch od srdce.<\/span><\/p><p><span style=\"font-weight: 400;\"><span class=\"zvyrazneni\">Vypr\u00e1v\u00edm p\u0159\u00edb\u011bh t\u011bch nejd\u016fle\u017eit\u011bj\u0161\u00edch chvil ve Va\u0161em \u017eivot\u011b abyste si je mohli donekone\u010dna p\u0159ipom\u00ednat.<\/span><\/span><\/p>\t\t\t\t\t\t\t\t<\/div>\n\t\t\t\t<\/div>\n\t\t\t\t<\/div>\n\t\t\t\t\t<\/div>\n\t\t<\/div>\n\t\t\t\t\t\t<\/div>\n\t\t\t\t<\/div>\n\t\t\t\t<\/div>\n\t\t<div class=\"elementor-element elementor-element-e2530ae e-con-full e-flex e-con e-child\" data-id=\"e2530ae\" data-element_type=\"container\" data-e-type=\"container\">\n\t\t\t\t<div class=\"elementor-element elementor-element-1ec5f6b elementor-widget elementor-widget-image\" data-id=\"1ec5f6b\" data-element_type=\"widget\" data-e-type=\"widget\" data-widget_type=\"image.default\">\n\t\t\t\t<div class=\"elementor-widget-container\">\n\t\t\t\t\t\t\t\t\t\t\t\t\t\t\t<img fetchpriority=\"high\" decoding=\"async\" width=\"683\" height=\"1024\" src=\"https:\/\/petrhervy.com\/wp-content\/uploads\/petr-hervy-portret-web-svatebni-kameraman-praha-ceska-republika-683x1024.jpg\" class=\"attachment-large size-large wp-image-2398\" alt=\"\" srcset=\"https:\/\/petrhervy.com\/wp-content\/uploads\/petr-hervy-portret-web-svatebni-kameraman-praha-ceska-republika-683x1024.jpg 683w, https:\/\/petrhervy.com\/wp-content\/uploads\/petr-hervy-portret-web-svatebni-kameraman-praha-ceska-republika-200x300.jpg 200w, https:\/\/petrhervy.com\/wp-content\/uploads\/petr-hervy-portret-web-svatebni-kameraman-praha-ceska-republika-768x1152.jpg 768w, https:\/\/petrhervy.com\/wp-content\/uploads\/petr-hervy-portret-web-svatebni-kameraman-praha-ceska-republika-1024x1536.jpg 1024w, https:\/\/petrhervy.com\/wp-content\/uploads\/petr-hervy-portret-web-svatebni-kameraman-praha-ceska-republika-8x12.jpg 8w, https:\/\/petrhervy.com\/wp-content\/uploads\/petr-hervy-portret-web-svatebni-kameraman-praha-ceska-republika.jpg 1067w\" sizes=\"(max-width: 683px) 100vw, 683px\" title=\"\">\t\t\t\t\t\t\t\t\t\t\t\t\t\t\t<\/div>\n\t\t\t\t<\/div>\n\t\t\t\t<\/div>\n\t\t\t\t\t<\/div>\n\t\t\t\t<\/div>\n\t\t\t\t\t<\/div>\n\t\t\t\t<\/div>\n\t\t<div class=\"elementor-element elementor-element-c019bec e-flex e-con-boxed e-con e-parent\" data-id=\"c019bec\" data-element_type=\"container\" data-e-type=\"container\">\n\t\t\t\t\t<div class=\"e-con-inner\">\n\t\t<div class=\"elementor-element elementor-element-6f0d38a e-con-full e-flex e-con e-child\" data-id=\"6f0d38a\" data-element_type=\"container\" data-e-type=\"container\">\n\t\t\t\t<div class=\"elementor-element elementor-element-ff743a2 elementor-widget elementor-widget-text-editor\" data-id=\"ff743a2\" data-element_type=\"widget\" data-e-type=\"widget\" data-widget_type=\"text-editor.default\">\n\t\t\t\t<div class=\"elementor-widget-container\">\n\t\t\t\t\t\t\t\t\t<p>M\u00c1.<\/p><p>SVATEBN\u00cd.<\/p><p>FILOSOFIE.<\/p>\t\t\t\t\t\t\t\t<\/div>\n\t\t\t\t<\/div>\n\t\t\t\t<\/div>\n\t\t<div class=\"elementor-element elementor-element-8402be8 e-flex e-con-boxed e-con e-child\" data-id=\"8402be8\" data-element_type=\"container\" data-e-type=\"container\">\n\t\t\t\t\t<div class=\"e-con-inner\">\n\t\t\t\t<div class=\"elementor-element elementor-element-8863477 elementor-widget elementor-widget-heading\" data-id=\"8863477\" data-element_type=\"widget\" data-e-type=\"widget\" data-widget_type=\"heading.default\">\n\t\t\t\t<div class=\"elementor-widget-container\">\n\t\t\t\t\t<h2 class=\"elementor-heading-title elementor-size-default\">CO m\u00e1m r\u00e1d<\/h2>\t\t\t\t<\/div>\n\t\t\t\t<\/div>\n\t\t\t\t<div class=\"elementor-element elementor-element-b3fe525 elementor-widget elementor-widget-text-editor\" data-id=\"b3fe525\" data-element_type=\"widget\" data-e-type=\"widget\" data-widget_type=\"text-editor.default\">\n\t\t\t\t<div class=\"elementor-widget-container\">\n\t\t\t\t\t\t\t\t\t<ul><li aria-level=\"1\"><b><i><span class=\"zvyrazneni\">Poznat V\u00e1s.<\/span><\/i><\/b><i><span style=\"font-weight: 400;\"> Chci zn\u00e1t v\u00e1\u0161 p\u0159\u00edb\u011bh. Co m\u00e1te r\u00e1di, co ne, jac\u00ed jste. Kdy\u017e se toti\u017e pozn\u00e1me bl\u00ed\u017ee, budu schopen l\u00e9pe vytvo\u0159it film, kter\u00fd bude opravdu o v\u00e1s a budete se v n\u011bm naplno odr\u00e1\u017eet.<\/span><\/i><\/li><\/ul><ul><li aria-level=\"1\"><b><i><span class=\"zvyrazneni\">Opravdovost<\/span><\/i><\/b><i><span style=\"font-weight: 400;\">. Chci vid\u011bt v\u00e1\u0161e\u0148, nap\u011bt\u00ed, vzru\u0161en\u00ed, jisk\u0159en\u00ed. Na nic si nehr\u00e1t. B\u00fdt opravdov\u00fd a up\u0159\u00edmn\u00fd.<\/span><\/i><\/li><\/ul><ul><li aria-level=\"1\"><b><i><span class=\"zvyrazneni\">L\u00e1sku<\/span><\/i><\/b><i><span style=\"font-weight: 400;\">. Kli\u0161\u00e9, j\u00e1 v\u00edm, ale na svatb\u011b j\u00ed nen\u00ed nikdy dost. Chci ji vid\u011bt mezi p\u0159\u00e1teli, rodinou, v\u00e1mi.<\/span><\/i><\/li><\/ul><ul><li aria-level=\"1\"><b><i><span class=\"zvyrazneni\">Akci<\/span><\/i><\/b><i><span style=\"font-weight: 400;\">. Chci abyste se bavili, abyste d\u011blali to, co m\u00e1te r\u00e1di a v \u017e\u00e1dn\u00e9m p\u0159\u00edpad\u011b ned\u011blali kompromisy. U\u017e\u00edvejte si a nehle\u010fte na okol\u00ed. Bu\u010fte spont\u00e1nn\u00ed a sv\u00ed. Ve filmu to bude vid\u011bt!<\/span><\/i><\/li><li><b><i><\/i><\/b><b><i><span class=\"zvyrazneni\">Odvahu.<\/span><\/i><\/b><i><span style=\"font-weight: 400;\"> Ud\u011blat si svatbu po sv\u00e9m. Za m\u011b osobn\u011b \u010d\u00edm bl\u00e1zniv\u011bj\u0161\u00ed, t\u00edm lep\u0161\u00ed a t\u00edm v\u00edc V\u00e1s chci! <\/span><\/i><\/li><\/ul>\t\t\t\t\t\t\t\t<\/div>\n\t\t\t\t<\/div>\n\t\t\t\t<div class=\"elementor-element elementor-element-0e35fd2 elementor-widget elementor-widget-heading\" data-id=\"0e35fd2\" data-element_type=\"widget\" data-e-type=\"widget\" data-widget_type=\"heading.default\">\n\t\t\t\t<div class=\"elementor-widget-container\">\n\t\t\t\t\t<h2 class=\"elementor-heading-title elementor-size-default\">Co nem\u00e1m r\u00e1d<\/h2>\t\t\t\t<\/div>\n\t\t\t\t<\/div>\n\t\t\t\t<div class=\"elementor-element elementor-element-bdbfb42 elementor-widget elementor-widget-text-editor\" data-id=\"bdbfb42\" data-element_type=\"widget\" data-e-type=\"widget\" data-widget_type=\"text-editor.default\">\n\t\t\t\t<div class=\"elementor-widget-container\">\n\t\t\t\t\t\t\t\t\t<ul><li aria-level=\"1\"><b><i><span class=\"zvyrazneni\">Nucenost<\/span><\/i><\/b><i><span style=\"font-weight: 400;\">. Nebudu v\u00e1s nikdy nutit b\u011bhat do rozkvetl\u00fdch luk, to\u010dit p\u0159etahov\u00e1n\u00ed o man\u017eela \u010di vym\u00fd\u0161let nesmysln\u00e9 p\u00f3zy. Bu\u010fte jen sami sebou. Spolu. Nic v\u00edc nepot\u0159ebuji.<\/span><\/i><\/li><li aria-level=\"1\"><b><i><span class=\"zvyrazneni\">Organzu<\/span><\/i><\/b><i><span style=\"font-weight: 400;\">. Jsou to jen zbyte\u010dn\u00e9 a nehezk\u00e9 plasty\u00a0 <\/span><\/i><span style=\"font-weight: 400;\">\ud83d\ude42<\/span><\/li><li aria-level=\"1\"><b><i><span class=\"zvyrazneni\">\u00danos nev\u011bsty<\/span><\/i><\/b><i><span style=\"font-weight: 400;\">. A jin\u00e9 \u201etradice\u201c, kter\u00e9 nechcete, \u010di v nich nevid\u00edte smysl. Co je v den svatby nedotknuteln\u00e9 jsou va\u0161e p\u0159\u00e1n\u00ed a touhy.<\/span><\/i><\/li><\/ul>\t\t\t\t\t\t\t\t<\/div>\n\t\t\t\t<\/div>\n\t\t\t\t\t<\/div>\n\t\t\t\t<\/div>\n\t\t\t\t\t<\/div>\n\t\t\t\t<\/div>\n\t\t<div class=\"elementor-element elementor-element-b7f69dc e-flex e-con-boxed e-con e-parent\" data-id=\"b7f69dc\" data-element_type=\"container\" data-e-type=\"container\">\n\t\t\t\t\t<div class=\"e-con-inner\">\n\t\t\t\t<div class=\"elementor-element elementor-element-a5b0406 elementor-align-center elementor-widget elementor-widget-button\" data-id=\"a5b0406\" data-element_type=\"widget\" data-e-type=\"widget\" data-settings=\"{&quot;motion_fx_motion_fx_scrolling&quot;:&quot;yes&quot;,&quot;motion_fx_translateY_effect&quot;:&quot;yes&quot;,&quot;motion_fx_translateY_direction&quot;:&quot;negative&quot;,&quot;motion_fx_translateY_speed&quot;:{&quot;unit&quot;:&quot;px&quot;,&quot;size&quot;:1,&quot;sizes&quot;:[]},&quot;motion_fx_translateY_affectedRange&quot;:{&quot;unit&quot;:&quot;%&quot;,&quot;size&quot;:&quot;&quot;,&quot;sizes&quot;:{&quot;start&quot;:0,&quot;end&quot;:100}},&quot;motion_fx_devices&quot;:[&quot;desktop&quot;,&quot;tablet&quot;,&quot;mobile&quot;]}\" data-widget_type=\"button.default\">\n\t\t\t\t<div class=\"elementor-widget-container\">\n\t\t\t\t\t\t\t\t\t<div class=\"elementor-button-wrapper\">\n\t\t\t\t\t<a class=\"elementor-button elementor-button-link elementor-size-md\" href=\"https:\/\/petrhervy.com\/en\/svatebni-video-svatebni-filmy\/\">\n\t\t\t\t\t\t<span class=\"elementor-button-content-wrapper\">\n\t\t\t\t\t\t\t\t\t<span class=\"elementor-button-text\">Mrkni na moj\u00ed pr\u00e1ci<\/span>\n\t\t\t\t\t<\/span>\n\t\t\t\t\t<\/a>\n\t\t\t\t<\/div>\n\t\t\t\t\t\t\t\t<\/div>\n\t\t\t\t<\/div>\n\t\t\t\t\t<\/div>\n\t\t\t\t<\/div>\n\t\t\t\t<\/div>\n\t\t","protected":false},"excerpt":{"rendered":"<p>O mn\u011b Kdo \u017ee to tedy jsem? Cestovatel Man\u017eel Kameraman V\u011b\u0159\u00edm, \u017ee cestov\u00e1n\u00ed \u017eivotu opravdu d\u00e1v\u00e1 smysl. Pozn\u00e1vat nov\u00e9 kultury, lidi, m\u00edsta, my\u0161lenky, to v\u0161e je pro m\u011b vnit\u0159n\u011b d\u016fle\u017eit\u00e9. A napl\u0148uje m\u011b to. Ostatn\u011b p\u0159es cestov\u00e1n\u00ed jsem se k to\u010den\u00ed film\u016f dostal. D\u00edky film\u016fm z cest, kter\u00e9 jsem v\u017edy* po p\u0159\u00edjezdu vytvo\u0159il, jsem zjistil, [&hellip;]<\/p>\n","protected":false},"author":1,"featured_media":1102,"parent":0,"menu_order":0,"comment_status":"closed","ping_status":"closed","template":"elementor_header_footer","meta":{"_acf_changed":false,"footnotes":""},"class_list":["post-2165","page","type-page","status-publish","has-post-thumbnail","hentry"],"acf":[],"_links":{"self":[{"href":"https:\/\/petrhervy.com\/en\/wp-json\/wp\/v2\/pages\/2165","targetHints":{"allow":["GET"]}}],"collection":[{"href":"https:\/\/petrhervy.com\/en\/wp-json\/wp\/v2\/pages"}],"about":[{"href":"https:\/\/petrhervy.com\/en\/wp-json\/wp\/v2\/types\/page"}],"author":[{"embeddable":true,"href":"https:\/\/petrhervy.com\/en\/wp-json\/wp\/v2\/users\/1"}],"replies":[{"embeddable":true,"href":"https:\/\/petrhervy.com\/en\/wp-json\/wp\/v2\/comments?post=2165"}],"version-history":[{"count":25,"href":"https:\/\/petrhervy.com\/en\/wp-json\/wp\/v2\/pages\/2165\/revisions"}],"predecessor-version":[{"id":2402,"href":"https:\/\/petrhervy.com\/en\/wp-json\/wp\/v2\/pages\/2165\/revisions\/2402"}],"wp:featuredmedia":[{"embeddable":true,"href":"https:\/\/petrhervy.com\/en\/wp-json\/wp\/v2\/media\/1102"}],"wp:attachment":[{"href":"https:\/\/petrhervy.com\/en\/wp-json\/wp\/v2\/media?parent=2165"}],"curies":[{"name":"wp","href":"https:\/\/api.w.org\/{rel}","templated":true}]}}